{"id":110,"date":"2023-07-28T16:07:16","date_gmt":"2023-07-28T14:07:16","guid":{"rendered":"http:\/\/www.math.ucv.ro\/dep_mate\/trunk\/?page_id=110"},"modified":"2025-09-23T13:14:15","modified_gmt":"2025-09-23T11:14:15","slug":"planuri-de-nvmnt","status":"publish","type":"page","link":"http:\/\/www.math.ucv.ro\/dep_mate\/trunk\/?page_id=110","title":{"rendered":"Planuri de \u00cenv\u0103\u0163\u0103m\u00e2nt"},"content":{"rendered":"<h1>Planuri de &#206;nv&#259;&#355;&#259;m&#226;nt 2025-2028<\/h1>\n<p> Aceste planuri sunt valabile &#238;ncep&#038;#226nd cu anul 2025.\n              <\/p>\n<h2>Ciclul I de studii<\/h2>\n<p>\n                        La specializarea <i>Matematic&#259; informatic&#259;<\/i>, informa&#355;iile sunt disponibile <span id=\"planuri_de_invatamant_doc_lic_mi\"><\/span>.\n                   <\/p>\n<h2>Ciclul II de studii<\/h2>\n<p>\n                        La masteratul de <i>Matematici Aplicate<\/i>, informa&#355;iile sunt disponibile <span id=\"planuri_de_invatamant_doc_mast\"><\/span>.\n                   <\/p>\n<h2>The Teaching Package and The Course Catalogue<\/h2>\n<p>\n                        Information about the teaching package and the catalogue of courses offered by our department are available <span id=\"planuri_de_invatamant_doc_teach_pack_course_cat\"><\/span>.\n                   <\/p>\n","protected":false},"excerpt":{"rendered":"<p>Planuri de &#206;nv&#259;&#355;&#259;m&#226;nt 2025-2028 Aceste planuri sunt valabile &#238;ncep&#038;#226nd cu anul 2025. Ciclul I de studii La specializarea Matematic&#259; informatic&#259;, informa&#355;iile sunt disponibile . Ciclul II de studii La masteratul de Matematici Aplicate, informa&#355;iile sunt disponibile . The Teaching Package and The Course Catalogue Information about the teaching package and the catalogue of courses offered [&hellip;]<\/p>\n","protected":false},"author":1,"featured_media":0,"parent":102,"menu_order":0,"comment_status":"closed","ping_status":"closed","template":"","meta":[],"_links":{"self":[{"href":"http:\/\/www.math.ucv.ro\/dep_mate\/trunk\/index.php?rest_route=\/wp\/v2\/pages\/110"}],"collection":[{"href":"http:\/\/www.math.ucv.ro\/dep_mate\/trunk\/index.php?rest_route=\/wp\/v2\/pages"}],"about":[{"href":"http:\/\/www.math.ucv.ro\/dep_mate\/trunk\/index.php?rest_route=\/wp\/v2\/types\/page"}],"author":[{"embeddable":true,"href":"http:\/\/www.math.ucv.ro\/dep_mate\/trunk\/index.php?rest_route=\/wp\/v2\/users\/1"}],"replies":[{"embeddable":true,"href":"http:\/\/www.math.ucv.ro\/dep_mate\/trunk\/index.php?rest_route=%2Fwp%2Fv2%2Fcomments&post=110"}],"version-history":[{"count":8,"href":"http:\/\/www.math.ucv.ro\/dep_mate\/trunk\/index.php?rest_route=\/wp\/v2\/pages\/110\/revisions"}],"predecessor-version":[{"id":714,"href":"http:\/\/www.math.ucv.ro\/dep_mate\/trunk\/index.php?rest_route=\/wp\/v2\/pages\/110\/revisions\/714"}],"up":[{"embeddable":true,"href":"http:\/\/www.math.ucv.ro\/dep_mate\/trunk\/index.php?rest_route=\/wp\/v2\/pages\/102"}],"wp:attachment":[{"href":"http:\/\/www.math.ucv.ro\/dep_mate\/trunk\/index.php?rest_route=%2Fwp%2Fv2%2Fmedia&parent=110"}],"curies":[{"name":"wp","href":"https:\/\/api.w.org\/{rel}","templated":true}]}}